{"id":480,"date":"2026-02-25T22:30:14","date_gmt":"2026-02-25T22:30:14","guid":{"rendered":"https:\/\/bioforcemx.com\/?post_type=product&#038;p=480"},"modified":"2026-02-25T22:31:39","modified_gmt":"2026-02-25T22:31:39","slug":"miel-hard-steel-honey-se-puede-tomar-con-alcohol","status":"publish","type":"product","link":"https:\/\/bioforcemx.com\/index.php\/producto\/miel-hard-steel-honey-se-puede-tomar-con-alcohol\/","title":{"rendered":"MIEL Hard Steel Honey se puede tomar con alcohol"},"content":{"rendered":"<p>Beneficios clave<\/p>\n<p>M\u00e1ximo rendimiento : consiga erecciones m\u00e1ximas con mayor firmeza y circunferencia mejorada.<br \/>\nEfectos duraderos : formulado para mantener su rendimiento durante per\u00edodos m\u00e1s prolongados.<br \/>\nFunci\u00f3n er\u00e9ctil mejorada : ayuda a combatir la disfunci\u00f3n er\u00e9ctil con fuerza adicional.<br \/>\nLibido mejorada : aumenta la estimulaci\u00f3n sexual y fortalece la libido.<br \/>\nF\u00f3rmula de acci\u00f3n r\u00e1pida : ofrece resultados r\u00e1pidos antes de la intimidad para un mejor rendimiento.<br \/>\nExcitaci\u00f3n aumentada : promueve erecciones m\u00e1s duras y firmes para una experiencia m\u00e1s satisfactoria.<br \/>\nF\u00f3rmula original : una miel patentada de m\u00e1ximo rendimiento para la mejora masculina.<br \/>\nBeneficios del producto<\/p>\n<p>Funciona en 30 minutos .<br \/>\nMaximiza la duraci\u00f3n y la intensidad de las relaciones sexuales.<br \/>\nElimina la eyaculaci\u00f3n precoz.<br \/>\nAsegura erecciones duras como una roca con mejor control.<br \/>\nAumenta el volumen, el grosor, la longitud y la resistencia de la eyaculaci\u00f3n.<br \/>\nAumenta la confianza sexual y proporciona orgasmos explosivos.<br \/>\nMejora 100% garantizada y sin efectos secundarios.<br \/>\nHard Steel Honey, ahora disponible en sobres con tapa, es una innovaci\u00f3n en la mejora masculina. Gracias a su f\u00f3rmula de r\u00e1pida absorci\u00f3n, proporciona una erecci\u00f3n potente en tan solo una hora o menos , intensifica la libido, aumenta los niveles de testosterona y mejora la sensibilidad del pene. Esto se traduce en erecciones m\u00e1s firmes y duras, y un mayor grosor del pene.<\/p>\n<p>Enriquecida con 10 ingredientes premium , esta miel promueve una salud sexual masculina \u00f3ptima sin efectos secundarios. Mejora dr\u00e1sticamente la estimulaci\u00f3n y el rendimiento sexual, a la vez que aumenta la confianza y la satisfacci\u00f3n.<\/p>\n<p>Hard Steel Honey es ideal para hombres que buscan erecciones m\u00e1s fuertes y duraderas, as\u00ed como experiencias sexuales mejoradas. Si no consigue la erecci\u00f3n m\u00e1s firme posible, le ofrecemos una garant\u00eda de devoluci\u00f3n de dinero, sin preguntas .<\/p>\n<p>Beneficios de la miel de acero duro<\/p>\n<p>Libido mejorada : una poderosa mezcla de ingredientes naturales aumenta la libido a un nivel m\u00e1ximo.<br \/>\nErecciones duras como una roca : promueve un mayor flujo sangu\u00edneo para lograr una mejor longitud, circunferencia y rendimiento en una hora.<br \/>\nAumento natural de testosterona : apoya la producci\u00f3n de hormonas para mejorar el deseo sexual y la respuesta a la intimidad.<br \/>\nSin efectos secundarios : formulado cient\u00edficamente para obtener resultados seguros y efectivos.<br \/>\nEstimulaci\u00f3n sexual mejorada : proporciona una erecci\u00f3n m\u00e1xima y un mayor deseo de intimidad.<br \/>\nInstrucciones de uso<\/p>\n<p>Conservar entre 15 y 30 \u00b0C (59 y 86 \u00b0F) .<br \/>\nTome 1 sobre una hora antes de la actividad sexual para obtener el m\u00e1ximo efecto.<br \/>\nSe puede tomar regularmente para obtener beneficios sostenidos.<br \/>\nNuestra promesa para usted<\/p>\n<p>Productos 100% aut\u00e9nticos y de m\u00e1xima calidad .<br \/>\nSatisfacci\u00f3n garantizada o le devolvemos su dinero.<br \/>\nSin efectos secundarios, lo que garantiza la mejor experiencia de mejora masculina.<br \/>\nOpciones de env\u00edo<\/p>\n<p>Env\u00edo est\u00e1ndar y prioritario disponible.<\/p>\n<p>\u00a1Libera todo tu potencial con Hard Steel Honey , la soluci\u00f3n definitiva para la mejora masculina!<\/p>\n","protected":false},"excerpt":{"rendered":"<p>\u00a1Hard Steel Honey ya est\u00e1 disponible en pr\u00e1cticos sobres<\/p>\n<p>Conocida como uno de los productos para la mejora masculina m\u00e1s efectivos del mercado, esta miel es perfecta para quienes buscan una absorci\u00f3n m\u00e1s r\u00e1pida y mejores resultados. Hard Steel Honey proporciona orgasmos potentes, mayor excitaci\u00f3n sexual y mayor sensibilidad del pene. Si buscas un extra de energ\u00eda, Hard Steel Honey te sorprender\u00e1 con sus resultados.<\/p>\n","protected":false},"featured_media":481,"comment_status":"open","ping_status":"closed","template":"","meta":[],"product_brand":[],"product_cat":[17],"product_tag":[],"class_list":{"0":"post-480","1":"product","2":"type-product","3":"status-publish","4":"has-post-thumbnail","6":"product_cat-sin-categorizar","8":"first","9":"instock","10":"shipping-taxable","11":"purchasable","12":"product-type-simple"},"_links":{"self":[{"href":"https:\/\/bioforcemx.com\/index.php\/wp-json\/wp\/v2\/product\/480","targetHints":{"allow":["GET"]}}],"collection":[{"href":"https:\/\/bioforcemx.com\/index.php\/wp-json\/wp\/v2\/product"}],"about":[{"href":"https:\/\/bioforcemx.com\/index.php\/wp-json\/wp\/v2\/types\/product"}],"replies":[{"embeddable":true,"href":"https:\/\/bioforcemx.com\/index.php\/wp-json\/wp\/v2\/comments?post=480"}],"wp:featuredmedia":[{"embeddable":true,"href":"https:\/\/bioforcemx.com\/index.php\/wp-json\/wp\/v2\/media\/481"}],"wp:attachment":[{"href":"https:\/\/bioforcemx.com\/index.php\/wp-json\/wp\/v2\/media?parent=480"}],"wp:term":[{"taxonomy":"product_brand","embeddable":true,"href":"https:\/\/bioforcemx.com\/index.php\/wp-json\/wp\/v2\/product_brand?post=480"},{"taxonomy":"product_cat","embeddable":true,"href":"https:\/\/bioforcemx.com\/index.php\/wp-json\/wp\/v2\/product_cat?post=480"},{"taxonomy":"product_tag","embeddable":true,"href":"https:\/\/bioforcemx.com\/index.php\/wp-json\/wp\/v2\/product_tag?post=480"}],"curies":[{"name":"wp","href":"https:\/\/api.w.org\/{rel}","templated":true}]}}